{"id":37,"date":"2024-01-02T13:53:02","date_gmt":"2024-01-02T13:53:02","guid":{"rendered":"https:\/\/kigo-yachting.com\/?page_id=37"},"modified":"2024-04-05T13:18:49","modified_gmt":"2024-04-05T13:18:49","slug":"privatnost","status":"publish","type":"page","link":"https:\/\/kigo-yachting.com\/en\/privacy\/","title":{"rendered":"Privacy"},"content":{"rendered":"<div data-elementor-type=\"wp-page\" data-elementor-id=\"37\" class=\"elementor elementor-37\" data-elementor-post-type=\"page\">\n\t\t\t\t<div class=\"elementor-element elementor-element-d6f9735 e-con-full e-flex e-con e-parent\" data-id=\"d6f9735\" data-element_type=\"container\" data-settings=\"{&quot;background_background&quot;:&quot;classic&quot;}\">\n\t\t\t\t<div class=\"elementor-element elementor-element-36076f3 elementor-widget elementor-widget-spacer\" data-id=\"36076f3\" data-element_type=\"widget\" data-widget_type=\"spacer.default\">\n\t\t\t\t<div class=\"elementor-widget-container\">\n\t\t\t<style>\/*! elementor - v3.21.0 - 24-04-2024 *\/\n.elementor-column .elementor-spacer-inner{height:var(--spacer-size)}.e-con{--container-widget-width:100%}.e-con-inner>.elementor-widget-spacer,.e-con>.elementor-widget-spacer{width:var(--container-widget-width,var(--spacer-size));--align-self:var(--container-widget-align-self,initial);--flex-shrink:0}.e-con-inner>.elementor-widget-spacer>.elementor-widget-container,.e-con>.elementor-widget-spacer>.elementor-widget-container{height:100%;width:100%}.e-con-inner>.elementor-widget-spacer>.elementor-widget-container>.elementor-spacer,.e-con>.elementor-widget-spacer>.elementor-widget-container>.elementor-spacer{height:100%}.e-con-inner>.elementor-widget-spacer>.elementor-widget-container>.elementor-spacer>.elementor-spacer-inner,.e-con>.elementor-widget-spacer>.elementor-widget-container>.elementor-spacer>.elementor-spacer-inner{height:var(--container-widget-height,var(--spacer-size))}.e-con-inner>.elementor-widget-spacer.elementor-widget-empty,.e-con>.elementor-widget-spacer.elementor-widget-empty{position:relative;min-height:22px;min-width:22px}.e-con-inner>.elementor-widget-spacer.elementor-widget-empty .elementor-widget-empty-icon,.e-con>.elementor-widget-spacer.elementor-widget-empty .elementor-widget-empty-icon{position:absolute;top:0;bottom:0;left:0;right:0;margin:auto;padding:0;width:22px;height:22px}<\/style>\t\t<div class=\"elementor-spacer\">\n\t\t\t<div class=\"elementor-spacer-inner\"><\/div>\n\t\t<\/div>\n\t\t\t\t<\/div>\n\t\t\t\t<\/div>\n\t\t\t\t<\/div>\n\t\t<div class=\"elementor-element elementor-element-63e8dc3 e-con-full e-flex e-con e-parent\" data-id=\"63e8dc3\" data-element_type=\"container\">\n\t\t\t\t<div class=\"elementor-element elementor-element-b89f5b2 elementor-widget elementor-widget-image\" data-id=\"b89f5b2\" data-element_type=\"widget\" data-widget_type=\"image.default\">\n\t\t\t\t<div class=\"elementor-widget-container\">\n\t\t\t<style>\/*! elementor - v3.21.0 - 24-04-2024 *\/\n.elementor-widget-image{text-align:center}.elementor-widget-image a{display:inline-block}.elementor-widget-image a img[src$=\".svg\"]{width:48px}.elementor-widget-image img{vertical-align:middle;display:inline-block}<\/style>\t\t\t\t\t\t\t\t\t\t<img fetchpriority=\"high\" decoding=\"async\" width=\"1920\" height=\"411\" src=\"https:\/\/kigo-yachting.com\/wp-content\/uploads\/2024\/01\/Group-1-5.svg\" class=\"attachment-full size-full wp-image-196\" alt=\"valovi\" \/>\t\t\t\t\t\t\t\t\t\t\t\t\t<\/div>\n\t\t\t\t<\/div>\n\t\t\t\t<\/div>\n\t\t<div class=\"elementor-element elementor-element-0a59cde e-flex e-con-boxed e-con e-parent\" data-id=\"0a59cde\" data-element_type=\"container\" data-settings=\"{&quot;background_background&quot;:&quot;classic&quot;}\">\n\t\t\t\t\t<div class=\"e-con-inner\">\n\t\t<div class=\"elementor-element elementor-element-3a6102e e-con-full e-flex e-con e-child\" data-id=\"3a6102e\" data-element_type=\"container\">\n\t\t\t\t<div class=\"elementor-element elementor-element-2a45323 elementor-widget elementor-widget-heading\" data-id=\"2a45323\" data-element_type=\"widget\" data-widget_type=\"heading.default\">\n\t\t\t\t<div class=\"elementor-widget-container\">\n\t\t\t<style>\/*! elementor - v3.21.0 - 24-04-2024 *\/\n.elementor-heading-title{padding:0;margin:0;line-height:1}.elementor-widget-heading .elementor-heading-title[class*=elementor-size-]>a{color:inherit;font-size:inherit;line-height:inherit}.elementor-widget-heading .elementor-heading-title.elementor-size-small{font-size:15px}.elementor-widget-heading .elementor-heading-title.elementor-size-medium{font-size:19px}.elementor-widget-heading .elementor-heading-title.elementor-size-large{font-size:29px}.elementor-widget-heading .elementor-heading-title.elementor-size-xl{font-size:39px}.elementor-widget-heading .elementor-heading-title.elementor-size-xxl{font-size:59px}<\/style><h2 class=\"elementor-heading-title elementor-size-default\">Privacy<\/h2>\t\t<\/div>\n\t\t\t\t<\/div>\n\t\t\t\t<div class=\"elementor-element elementor-element-cacc5fb crni-link elementor-widget elementor-widget-text-editor\" data-id=\"cacc5fb\" data-element_type=\"widget\" data-widget_type=\"text-editor.default\">\n\t\t\t\t<div class=\"elementor-widget-container\">\n\t\t\t<style>\/*! elementor - v3.21.0 - 24-04-2024 *\/\n.elementor-widget-text-editor.elementor-drop-cap-view-stacked .elementor-drop-cap{background-color:#69727d;color:#fff}.elementor-widget-text-editor.elementor-drop-cap-view-framed .elementor-drop-cap{color:#69727d;border:3px solid;background-color:transparent}.elementor-widget-text-editor:not(.elementor-drop-cap-view-default) .elementor-drop-cap{margin-top:8px}.elementor-widget-text-editor:not(.elementor-drop-cap-view-default) .elementor-drop-cap-letter{width:1em;height:1em}.elementor-widget-text-editor .elementor-drop-cap{float:left;text-align:center;line-height:1;font-size:50px}.elementor-widget-text-editor .elementor-drop-cap-letter{display:inline-block}<\/style>\t\t\t\t<div class=\"elementor-element elementor-element-caa036f elementor-widget elementor-widget-heading\" data-id=\"caa036f\" data-element_type=\"widget\" data-widget_type=\"heading.default\"><div class=\"elementor-widget-container\"><h3><span style=\"color: #f5822e;\"><strong>Dear guest!<\/strong><\/span><\/h3><p><strong>Kigo Yachting<\/strong> undertake to respect the anonymity and privacy of the users of these websites as long as they are used within the permitted conditions of use. The user's personal data such as name, address, phone number, e-mail address and other data will only be collected if the user voluntarily submits them. The data collected in this way will be used for the purpose of contact and information, statistical processing of visits, and in order to better understand the needs and requirements of the users of these websites. Data collected in this way will not be made available without the express consent of the user, if these websites are used within the permitted conditions of use.<\/p><p><strong>Kigo Yachting<\/strong> will try to protect the privacy and anonymity of users and visitors of these websites as much as possible.<\/p><p>Additional information about privacy protection and the collection of user data can be found on our website, which talks about<strong> <span style=\"text-decoration: underline;\"><a href=\"https:\/\/kigo-yachting.com\/en\/cookie-policy\/\">cookie policy<\/a><\/span><\/strong><\/p><\/div><\/div><div class=\"elementor-element elementor-element-d5d28a3 privatnost elementor-widget elementor-widget-text-editor\" data-id=\"d5d28a3\" data-element_type=\"widget\" data-widget_type=\"text-editor.default\"><div class=\"elementor-widget-container\">\u00a0<\/div><\/div>\t\t\t\t\t\t<\/div>\n\t\t\t\t<\/div>\n\t\t\t\t<\/div>\n\t\t\t\t\t<\/div>\n\t\t\t\t<\/div>\n\t\t\t\t<\/div>","protected":false},"excerpt":{"rendered":"<p>Privatnost Po\u0161tovani! Kigo Yachting obvezuju se po\u0161tivati anonimnost i privatnost korisnika ovih internetskih stranica sve dok se one koriste u okviru dozvoljenih uvjeta kori\u0161tenja. Osobni podatci korisnika kao \u0161to su ime, adresa, telefonski broj, adresa elektronske po\u0161te kao i drugi podatci prikupljati \u0107e se samo ako ih korisnik dobrovoljno dostavi. Tako skupljeni podatci koristiti \u0107e [&hellip;]<\/p>","protected":false},"author":1,"featured_media":0,"parent":0,"menu_order":0,"comment_status":"closed","ping_status":"closed","template":"","meta":{"_acf_changed":false,"inline_featured_image":false,"footnotes":""},"class_list":["post-37","page","type-page","status-publish","hentry"],"acf":[],"yoast_head":"<!-- This site is optimized with the Yoast SEO plugin v22.5 - https:\/\/yoast.com\/wordpress\/plugins\/seo\/ -->\n<title>Privatnost - Kigo Yachting<\/title>\n<meta name=\"robots\" content=\"index, follow, max-snippet:-1, max-image-preview:large, max-video-preview:-1\" \/>\n<link rel=\"canonical\" href=\"https:\/\/kigo-yachting.com\/en\/privacy\/\" \/>\n<meta property=\"og:locale\" content=\"en_GB\" \/>\n<meta property=\"og:type\" content=\"article\" \/>\n<meta property=\"og:title\" content=\"Privatnost - Kigo Yachting\" \/>\n<meta property=\"og:description\" content=\"Privatnost Po\u0161tovani! Kigo Yachting obvezuju se po\u0161tivati anonimnost i privatnost korisnika ovih internetskih stranica sve dok se one koriste u okviru dozvoljenih uvjeta kori\u0161tenja. Osobni podatci korisnika kao \u0161to su ime, adresa, telefonski broj, adresa elektronske po\u0161te kao i drugi podatci prikupljati \u0107e se samo ako ih korisnik dobrovoljno dostavi. Tako skupljeni podatci koristiti \u0107e [&hellip;]\" \/>\n<meta property=\"og:url\" content=\"https:\/\/kigo-yachting.com\/en\/privacy\/\" \/>\n<meta property=\"og:site_name\" content=\"Kigo Yachting\" \/>\n<meta property=\"article:modified_time\" content=\"2024-04-05T13:18:49+00:00\" \/>\n<meta property=\"og:image\" content=\"https:\/\/kigo-yachting.com\/wp-content\/uploads\/2024\/01\/Group-1-5.svg\" \/>\n<meta name=\"twitter:card\" content=\"summary_large_image\" \/>\n<meta name=\"twitter:label1\" content=\"Estimated reading time\" \/>\n\t<meta name=\"twitter:data1\" content=\"2 minutes\" \/>\n<script type=\"application\/ld+json\" class=\"yoast-schema-graph\">{\"@context\":\"https:\/\/schema.org\",\"@graph\":[{\"@type\":\"WebPage\",\"@id\":\"https:\/\/kigo-yachting.com\/privatnost\/\",\"url\":\"https:\/\/kigo-yachting.com\/privatnost\/\",\"name\":\"Privatnost - Kigo Yachting\",\"isPartOf\":{\"@id\":\"https:\/\/kigo-yachting.com\/en\/#website\"},\"primaryImageOfPage\":{\"@id\":\"https:\/\/kigo-yachting.com\/privatnost\/#primaryimage\"},\"image\":{\"@id\":\"https:\/\/kigo-yachting.com\/privatnost\/#primaryimage\"},\"thumbnailUrl\":\"https:\/\/kigo-yachting.com\/wp-content\/uploads\/2024\/01\/Group-1-5.svg\",\"datePublished\":\"2024-01-02T13:53:02+00:00\",\"dateModified\":\"2024-04-05T13:18:49+00:00\",\"breadcrumb\":{\"@id\":\"https:\/\/kigo-yachting.com\/privatnost\/#breadcrumb\"},\"inLanguage\":\"en-GB\",\"potentialAction\":[{\"@type\":\"ReadAction\",\"target\":[\"https:\/\/kigo-yachting.com\/privatnost\/\"]}]},{\"@type\":\"ImageObject\",\"inLanguage\":\"en-GB\",\"@id\":\"https:\/\/kigo-yachting.com\/privatnost\/#primaryimage\",\"url\":\"https:\/\/kigo-yachting.com\/wp-content\/uploads\/2024\/01\/Group-1-5.svg\",\"contentUrl\":\"https:\/\/kigo-yachting.com\/wp-content\/uploads\/2024\/01\/Group-1-5.svg\"},{\"@type\":\"BreadcrumbList\",\"@id\":\"https:\/\/kigo-yachting.com\/privatnost\/#breadcrumb\",\"itemListElement\":[{\"@type\":\"ListItem\",\"position\":1,\"name\":\"Po\u010detna stranica\",\"item\":\"https:\/\/kigo-yachting.com\/\"},{\"@type\":\"ListItem\",\"position\":2,\"name\":\"Privatnost\"}]},{\"@type\":\"WebSite\",\"@id\":\"https:\/\/kigo-yachting.com\/en\/#website\",\"url\":\"https:\/\/kigo-yachting.com\/en\/\",\"name\":\"Kigo Yachting\",\"description\":\"\",\"publisher\":{\"@id\":\"https:\/\/kigo-yachting.com\/en\/#organization\"},\"potentialAction\":[{\"@type\":\"SearchAction\",\"target\":{\"@type\":\"EntryPoint\",\"urlTemplate\":\"https:\/\/kigo-yachting.com\/en\/?s={search_term_string}\"},\"query-input\":\"required name=search_term_string\"}],\"inLanguage\":\"en-GB\"},{\"@type\":\"Organization\",\"@id\":\"https:\/\/kigo-yachting.com\/en\/#organization\",\"name\":\"Kigo Yachting\",\"url\":\"https:\/\/kigo-yachting.com\/en\/\",\"logo\":{\"@type\":\"ImageObject\",\"inLanguage\":\"en-GB\",\"@id\":\"https:\/\/kigo-yachting.com\/en\/#\/schema\/logo\/image\/\",\"url\":\"https:\/\/kigo-yachting.com\/wp-content\/uploads\/2024\/01\/Layer_1-26.svg\",\"contentUrl\":\"https:\/\/kigo-yachting.com\/wp-content\/uploads\/2024\/01\/Layer_1-26.svg\",\"width\":275,\"height\":71,\"caption\":\"Kigo Yachting\"},\"image\":{\"@id\":\"https:\/\/kigo-yachting.com\/en\/#\/schema\/logo\/image\/\"}}]}<\/script>\n<!-- \/ Yoast SEO plugin. -->","yoast_head_json":{"title":"Privatnost - Kigo Yachting","robots":{"index":"index","follow":"follow","max-snippet":"max-snippet:-1","max-image-preview":"max-image-preview:large","max-video-preview":"max-video-preview:-1"},"canonical":"https:\/\/kigo-yachting.com\/en\/privacy\/","og_locale":"en_GB","og_type":"article","og_title":"Privatnost - Kigo Yachting","og_description":"Privatnost Po\u0161tovani! Kigo Yachting obvezuju se po\u0161tivati anonimnost i privatnost korisnika ovih internetskih stranica sve dok se one koriste u okviru dozvoljenih uvjeta kori\u0161tenja. Osobni podatci korisnika kao \u0161to su ime, adresa, telefonski broj, adresa elektronske po\u0161te kao i drugi podatci prikupljati \u0107e se samo ako ih korisnik dobrovoljno dostavi. Tako skupljeni podatci koristiti \u0107e [&hellip;]","og_url":"https:\/\/kigo-yachting.com\/en\/privacy\/","og_site_name":"Kigo Yachting","article_modified_time":"2024-04-05T13:18:49+00:00","og_image":[{"url":"https:\/\/kigo-yachting.com\/wp-content\/uploads\/2024\/01\/Group-1-5.svg"}],"twitter_card":"summary_large_image","twitter_misc":{"Estimated reading time":"2 minutes"},"schema":{"@context":"https:\/\/schema.org","@graph":[{"@type":"WebPage","@id":"https:\/\/kigo-yachting.com\/privatnost\/","url":"https:\/\/kigo-yachting.com\/privatnost\/","name":"Privatnost - Kigo Yachting","isPartOf":{"@id":"https:\/\/kigo-yachting.com\/en\/#website"},"primaryImageOfPage":{"@id":"https:\/\/kigo-yachting.com\/privatnost\/#primaryimage"},"image":{"@id":"https:\/\/kigo-yachting.com\/privatnost\/#primaryimage"},"thumbnailUrl":"https:\/\/kigo-yachting.com\/wp-content\/uploads\/2024\/01\/Group-1-5.svg","datePublished":"2024-01-02T13:53:02+00:00","dateModified":"2024-04-05T13:18:49+00:00","breadcrumb":{"@id":"https:\/\/kigo-yachting.com\/privatnost\/#breadcrumb"},"inLanguage":"en-GB","potentialAction":[{"@type":"ReadAction","target":["https:\/\/kigo-yachting.com\/privatnost\/"]}]},{"@type":"ImageObject","inLanguage":"en-GB","@id":"https:\/\/kigo-yachting.com\/privatnost\/#primaryimage","url":"https:\/\/kigo-yachting.com\/wp-content\/uploads\/2024\/01\/Group-1-5.svg","contentUrl":"https:\/\/kigo-yachting.com\/wp-content\/uploads\/2024\/01\/Group-1-5.svg"},{"@type":"BreadcrumbList","@id":"https:\/\/kigo-yachting.com\/privatnost\/#breadcrumb","itemListElement":[{"@type":"ListItem","position":1,"name":"Po\u010detna stranica","item":"https:\/\/kigo-yachting.com\/"},{"@type":"ListItem","position":2,"name":"Privatnost"}]},{"@type":"WebSite","@id":"https:\/\/kigo-yachting.com\/en\/#website","url":"https:\/\/kigo-yachting.com\/en\/","name":"Kigo Yachting","description":"","publisher":{"@id":"https:\/\/kigo-yachting.com\/en\/#organization"},"potentialAction":[{"@type":"SearchAction","target":{"@type":"EntryPoint","urlTemplate":"https:\/\/kigo-yachting.com\/en\/?s={search_term_string}"},"query-input":"required name=search_term_string"}],"inLanguage":"en-GB"},{"@type":"Organization","@id":"https:\/\/kigo-yachting.com\/en\/#organization","name":"Kigo Yachting","url":"https:\/\/kigo-yachting.com\/en\/","logo":{"@type":"ImageObject","inLanguage":"en-GB","@id":"https:\/\/kigo-yachting.com\/en\/#\/schema\/logo\/image\/","url":"https:\/\/kigo-yachting.com\/wp-content\/uploads\/2024\/01\/Layer_1-26.svg","contentUrl":"https:\/\/kigo-yachting.com\/wp-content\/uploads\/2024\/01\/Layer_1-26.svg","width":275,"height":71,"caption":"Kigo Yachting"},"image":{"@id":"https:\/\/kigo-yachting.com\/en\/#\/schema\/logo\/image\/"}}]}},"_links":{"self":[{"href":"https:\/\/kigo-yachting.com\/en\/wp-json\/wp\/v2\/pages\/37","targetHints":{"allow":["GET"]}}],"collection":[{"href":"https:\/\/kigo-yachting.com\/en\/wp-json\/wp\/v2\/pages"}],"about":[{"href":"https:\/\/kigo-yachting.com\/en\/wp-json\/wp\/v2\/types\/page"}],"author":[{"embeddable":true,"href":"https:\/\/kigo-yachting.com\/en\/wp-json\/wp\/v2\/users\/1"}],"replies":[{"embeddable":true,"href":"https:\/\/kigo-yachting.com\/en\/wp-json\/wp\/v2\/comments?post=37"}],"version-history":[{"count":19,"href":"https:\/\/kigo-yachting.com\/en\/wp-json\/wp\/v2\/pages\/37\/revisions"}],"predecessor-version":[{"id":1963,"href":"https:\/\/kigo-yachting.com\/en\/wp-json\/wp\/v2\/pages\/37\/revisions\/1963"}],"wp:attachment":[{"href":"https:\/\/kigo-yachting.com\/en\/wp-json\/wp\/v2\/media?parent=37"}],"curies":[{"name":"wp","href":"https:\/\/api.w.org\/{rel}","templated":true}]}}