{"id":35,"date":"2024-01-02T13:52:54","date_gmt":"2024-01-02T13:52:54","guid":{"rendered":"https:\/\/kigo-yachting.com\/?page_id=35"},"modified":"2024-04-05T13:18:12","modified_gmt":"2024-04-05T13:18:12","slug":"uvjeti-koristenja","status":"publish","type":"page","link":"https:\/\/kigo-yachting.com\/en\/terms-of-use\/","title":{"rendered":"Terms of use"},"content":{"rendered":"<div data-elementor-type=\"wp-page\" data-elementor-id=\"35\" class=\"elementor elementor-35\" data-elementor-post-type=\"page\">\n\t\t\t\t<div class=\"elementor-element elementor-element-ecb3177 e-con-full e-flex e-con e-parent\" data-id=\"ecb3177\" data-element_type=\"container\" data-settings=\"{&quot;background_background&quot;:&quot;classic&quot;}\">\n\t\t\t\t<div class=\"elementor-element elementor-element-2877448 elementor-widget elementor-widget-spacer\" data-id=\"2877448\" data-element_type=\"widget\" data-widget_type=\"spacer.default\">\n\t\t\t\t<div class=\"elementor-widget-container\">\n\t\t\t<style>\/*! elementor - v3.21.0 - 24-04-2024 *\/\n.elementor-column .elementor-spacer-inner{height:var(--spacer-size)}.e-con{--container-widget-width:100%}.e-con-inner>.elementor-widget-spacer,.e-con>.elementor-widget-spacer{width:var(--container-widget-width,var(--spacer-size));--align-self:var(--container-widget-align-self,initial);--flex-shrink:0}.e-con-inner>.elementor-widget-spacer>.elementor-widget-container,.e-con>.elementor-widget-spacer>.elementor-widget-container{height:100%;width:100%}.e-con-inner>.elementor-widget-spacer>.elementor-widget-container>.elementor-spacer,.e-con>.elementor-widget-spacer>.elementor-widget-container>.elementor-spacer{height:100%}.e-con-inner>.elementor-widget-spacer>.elementor-widget-container>.elementor-spacer>.elementor-spacer-inner,.e-con>.elementor-widget-spacer>.elementor-widget-container>.elementor-spacer>.elementor-spacer-inner{height:var(--container-widget-height,var(--spacer-size))}.e-con-inner>.elementor-widget-spacer.elementor-widget-empty,.e-con>.elementor-widget-spacer.elementor-widget-empty{position:relative;min-height:22px;min-width:22px}.e-con-inner>.elementor-widget-spacer.elementor-widget-empty .elementor-widget-empty-icon,.e-con>.elementor-widget-spacer.elementor-widget-empty .elementor-widget-empty-icon{position:absolute;top:0;bottom:0;left:0;right:0;margin:auto;padding:0;width:22px;height:22px}<\/style>\t\t<div class=\"elementor-spacer\">\n\t\t\t<div class=\"elementor-spacer-inner\"><\/div>\n\t\t<\/div>\n\t\t\t\t<\/div>\n\t\t\t\t<\/div>\n\t\t\t\t<\/div>\n\t\t<div class=\"elementor-element elementor-element-f54cc19 e-con-full e-flex e-con e-parent\" data-id=\"f54cc19\" data-element_type=\"container\">\n\t\t\t\t<div class=\"elementor-element elementor-element-e92363e elementor-widget elementor-widget-image\" data-id=\"e92363e\" data-element_type=\"widget\" data-widget_type=\"image.default\">\n\t\t\t\t<div class=\"elementor-widget-container\">\n\t\t\t<style>\/*! elementor - v3.21.0 - 24-04-2024 *\/\n.elementor-widget-image{text-align:center}.elementor-widget-image a{display:inline-block}.elementor-widget-image a img[src$=\".svg\"]{width:48px}.elementor-widget-image img{vertical-align:middle;display:inline-block}<\/style>\t\t\t\t\t\t\t\t\t\t<img fetchpriority=\"high\" decoding=\"async\" width=\"1920\" height=\"411\" src=\"https:\/\/kigo-yachting.com\/wp-content\/uploads\/2024\/01\/Group-1-5.svg\" class=\"attachment-full size-full wp-image-196\" alt=\"valovi\" \/>\t\t\t\t\t\t\t\t\t\t\t\t\t<\/div>\n\t\t\t\t<\/div>\n\t\t\t\t<\/div>\n\t\t<div class=\"elementor-element elementor-element-b58b88b e-flex e-con-boxed e-con e-parent\" data-id=\"b58b88b\" data-element_type=\"container\" data-settings=\"{&quot;background_background&quot;:&quot;classic&quot;}\">\n\t\t\t\t\t<div class=\"e-con-inner\">\n\t\t<div class=\"elementor-element elementor-element-ddf6c4d e-con-full e-flex e-con e-child\" data-id=\"ddf6c4d\" data-element_type=\"container\">\n\t\t\t\t<div class=\"elementor-element elementor-element-ba1171a elementor-widget elementor-widget-heading\" data-id=\"ba1171a\" data-element_type=\"widget\" data-widget_type=\"heading.default\">\n\t\t\t\t<div class=\"elementor-widget-container\">\n\t\t\t<style>\/*! elementor - v3.21.0 - 24-04-2024 *\/\n.elementor-heading-title{padding:0;margin:0;line-height:1}.elementor-widget-heading .elementor-heading-title[class*=elementor-size-]>a{color:inherit;font-size:inherit;line-height:inherit}.elementor-widget-heading .elementor-heading-title.elementor-size-small{font-size:15px}.elementor-widget-heading .elementor-heading-title.elementor-size-medium{font-size:19px}.elementor-widget-heading .elementor-heading-title.elementor-size-large{font-size:29px}.elementor-widget-heading .elementor-heading-title.elementor-size-xl{font-size:39px}.elementor-widget-heading .elementor-heading-title.elementor-size-xxl{font-size:59px}<\/style><h2 class=\"elementor-heading-title elementor-size-default\">Terms of use<\/h2>\t\t<\/div>\n\t\t\t\t<\/div>\n\t\t\t\t<div class=\"elementor-element elementor-element-bb1893b crni-link elementor-widget elementor-widget-text-editor\" data-id=\"bb1893b\" data-element_type=\"widget\" data-widget_type=\"text-editor.default\">\n\t\t\t\t<div class=\"elementor-widget-container\">\n\t\t\t<style>\/*! elementor - v3.21.0 - 24-04-2024 *\/\n.elementor-widget-text-editor.elementor-drop-cap-view-stacked .elementor-drop-cap{background-color:#69727d;color:#fff}.elementor-widget-text-editor.elementor-drop-cap-view-framed .elementor-drop-cap{color:#69727d;border:3px solid;background-color:transparent}.elementor-widget-text-editor:not(.elementor-drop-cap-view-default) .elementor-drop-cap{margin-top:8px}.elementor-widget-text-editor:not(.elementor-drop-cap-view-default) .elementor-drop-cap-letter{width:1em;height:1em}.elementor-widget-text-editor .elementor-drop-cap{float:left;text-align:center;line-height:1;font-size:50px}.elementor-widget-text-editor .elementor-drop-cap-letter{display:inline-block}<\/style>\t\t\t\t<div class=\"elementor-element elementor-element-8456b77 elementor-widget elementor-widget-heading\" data-id=\"8456b77\" data-element_type=\"widget\" data-widget_type=\"heading.default\"><div class=\"elementor-widget-container\"><p>Welcome to the website kigo-yachting.com (hereinafter referred to as the \"website\"). We hope you enjoy your experience on the site. The following terms govern your use of our website. These terms of use apply to all visitors to the website.<br \/><br \/><\/p><h5><strong><span style=\"color: #f5822e;\">General conditions of use<\/span><\/strong><\/h5><p>By using the website kigo-yachting.com, it is considered that the users are familiar with these Terms of Use of the website at all times and that they fully understand and accept them, including the provisions on data processing and the rules regarding cookies. If you do not agree with the Terms of Use, do not use our website.<\/p><p>By using the content of the website, the user accepts all possible risks arising from the use of this website and agrees to use the content of this website exclusively for personal use and at his own risk.<br \/><br \/><\/p><h5><strong><span style=\"color: #f5822e;\">Disclaimer<\/span><\/strong><\/h5><p>Kigo Yachting fully disclaims any responsibility that may in any way arise from, or is in any way related to, the use of this website, for any actions of users using or abusing the content of this website, and for any damage that may arise to the user or any third party in connection with the use or misuse of the content of this website.<\/p><p>Kigo Yachting reserves the right to change the content and conditions of use of the website without prior notice and is not responsible for any damage caused by these changes.<\/p><p>Kigo Yachting strives to maintain all functionalities of the website, but cannot guarantee that all functionalities will always be available, nor is it responsible for eventual unavailability of the website, as well as for damage that could occur due to interruption of availability, non-publishing or deletion of content or errors in the operation of the website.<\/p><p>Kigo Yachting is not responsible for the content or the availability of other sites to which it links.<br \/><br \/><\/p><h5><strong><span style=\"color: #f5822e;\">Terms of use of content<\/span><\/strong><\/h5><p>By using the content of the website, it is considered that the users are familiar with these conditions and all risks arising from the use of this website and accept to use the content of this website exclusively for non-commercial purposes, for personal use and at their own risk.<\/p><p>Kigo Yachting cannot be held responsible for any damages arising from the use of any part of the content.<\/p><p>The information on the website is informative and Kigo Yachting reserves the right to change or cancel any content on the website without prior notice.<\/p><p>Kigo Yachting is not responsible for any consequences caused by content changes.<\/p><p>Also, Kigo Yachting is not responsible for any damages caused by typographical errors.<br \/><br \/><\/p><h5><strong><span style=\"color: #f5822e;\">Copyright<\/span><\/strong><\/h5><p>Kigo Yachting claims the copyright to all its own content (textual, visual, databases and programming code). Unauthorized use of any part of the Website without the permission of the copyright owner is considered a violation of Kigo Yachting's copyright.<\/p><p>Unauthorized use of any part of the website is considered a violation of copyright and is subject to legal sanctions. Documents, data and information published on these websites can only be used for the individual needs of the user, while respecting all copyrights.<\/p><p>It is permitted to link the Kigo Yachting website to other sites.<br \/><br \/><\/p><h5><span style=\"color: #f5822e;\"><strong>Links to third-party websites<\/strong><\/span><\/h5><p>Kigo Yachting is not responsible for the legality of the content and management of websites to which you link from the Kigo Yachting website.<\/p><p>We strive to make the use of our website, as well as the Internet in general, safe.<\/p><p>Therefore, we would be grateful if you would notify us of any illegal or immoral content on websites linked to our site. Feel free to contact us by e-mail: <span style=\"text-decoration: underline; color: #f5822e;\"><a style=\"color: #f5822e; text-decoration: underline;\" href=\"mailto:leo.pavela@kigo.hr\">leo.pavela@kigo.hr<\/a><\/span><\/p><\/div><\/div>\t\t\t\t\t\t<\/div>\n\t\t\t\t<\/div>\n\t\t\t\t<\/div>\n\t\t\t\t\t<\/div>\n\t\t\t\t<\/div>\n\t\t\t\t<\/div>","protected":false},"excerpt":{"rendered":"<p>Uvjeti kori\u0161tenja Dobrodo\u0161li na Web stranicu kigo-yachting.com (dalje u tekstu \u201eWeb stranica\u201c). Nadamo se da \u0107ete u\u017eivati u svom iskustvu na stranici. Ni\u017ee navedeni uvjeti reguliraju va\u0161e kori\u0161tenje na\u0161e Web stranice. Ovi uvjeti kori\u0161tenja vrijede za sve posjetitelje Web stranice. Op\u0107i uvjeti kori\u0161tenja Kori\u0161tenjem Web stranice kigo-yachting.com smatra se da su korisnici u svakom trenutku [&hellip;]<\/p>","protected":false},"author":1,"featured_media":0,"parent":0,"menu_order":0,"comment_status":"closed","ping_status":"closed","template":"","meta":{"_acf_changed":false,"inline_featured_image":false,"footnotes":""},"class_list":["post-35","page","type-page","status-publish","hentry"],"acf":[],"yoast_head":"<!-- This site is optimized with the Yoast SEO plugin v22.5 - https:\/\/yoast.com\/wordpress\/plugins\/seo\/ -->\n<title>Uvjeti kori\u0161tenja - Kigo Yachting<\/title>\n<meta name=\"robots\" content=\"index, follow, max-snippet:-1, max-image-preview:large, max-video-preview:-1\" \/>\n<link rel=\"canonical\" href=\"https:\/\/kigo-yachting.com\/en\/terms-of-use\/\" \/>\n<meta property=\"og:locale\" content=\"en_GB\" \/>\n<meta property=\"og:type\" content=\"article\" \/>\n<meta property=\"og:title\" content=\"Uvjeti kori\u0161tenja - Kigo Yachting\" \/>\n<meta property=\"og:description\" content=\"Uvjeti kori\u0161tenja Dobrodo\u0161li na Web stranicu kigo-yachting.com (dalje u tekstu \u201eWeb stranica\u201c). Nadamo se da \u0107ete u\u017eivati u svom iskustvu na stranici. Ni\u017ee navedeni uvjeti reguliraju va\u0161e kori\u0161tenje na\u0161e Web stranice. Ovi uvjeti kori\u0161tenja vrijede za sve posjetitelje Web stranice. Op\u0107i uvjeti kori\u0161tenja Kori\u0161tenjem Web stranice kigo-yachting.com smatra se da su korisnici u svakom trenutku [&hellip;]\" \/>\n<meta property=\"og:url\" content=\"https:\/\/kigo-yachting.com\/en\/terms-of-use\/\" \/>\n<meta property=\"og:site_name\" content=\"Kigo Yachting\" \/>\n<meta property=\"article:modified_time\" content=\"2024-04-05T13:18:12+00:00\" \/>\n<meta property=\"og:image\" content=\"https:\/\/kigo-yachting.com\/wp-content\/uploads\/2024\/01\/Group-1-5.svg\" \/>\n<meta name=\"twitter:card\" content=\"summary_large_image\" \/>\n<meta name=\"twitter:label1\" content=\"Estimated reading time\" \/>\n\t<meta name=\"twitter:data1\" content=\"7 minutes\" \/>\n<script type=\"application\/ld+json\" class=\"yoast-schema-graph\">{\"@context\":\"https:\/\/schema.org\",\"@graph\":[{\"@type\":\"WebPage\",\"@id\":\"https:\/\/kigo-yachting.com\/uvjeti-koristenja\/\",\"url\":\"https:\/\/kigo-yachting.com\/uvjeti-koristenja\/\",\"name\":\"Uvjeti kori\u0161tenja - Kigo Yachting\",\"isPartOf\":{\"@id\":\"https:\/\/kigo-yachting.com\/en\/#website\"},\"primaryImageOfPage\":{\"@id\":\"https:\/\/kigo-yachting.com\/uvjeti-koristenja\/#primaryimage\"},\"image\":{\"@id\":\"https:\/\/kigo-yachting.com\/uvjeti-koristenja\/#primaryimage\"},\"thumbnailUrl\":\"https:\/\/kigo-yachting.com\/wp-content\/uploads\/2024\/01\/Group-1-5.svg\",\"datePublished\":\"2024-01-02T13:52:54+00:00\",\"dateModified\":\"2024-04-05T13:18:12+00:00\",\"breadcrumb\":{\"@id\":\"https:\/\/kigo-yachting.com\/uvjeti-koristenja\/#breadcrumb\"},\"inLanguage\":\"en-GB\",\"potentialAction\":[{\"@type\":\"ReadAction\",\"target\":[\"https:\/\/kigo-yachting.com\/uvjeti-koristenja\/\"]}]},{\"@type\":\"ImageObject\",\"inLanguage\":\"en-GB\",\"@id\":\"https:\/\/kigo-yachting.com\/uvjeti-koristenja\/#primaryimage\",\"url\":\"https:\/\/kigo-yachting.com\/wp-content\/uploads\/2024\/01\/Group-1-5.svg\",\"contentUrl\":\"https:\/\/kigo-yachting.com\/wp-content\/uploads\/2024\/01\/Group-1-5.svg\"},{\"@type\":\"BreadcrumbList\",\"@id\":\"https:\/\/kigo-yachting.com\/uvjeti-koristenja\/#breadcrumb\",\"itemListElement\":[{\"@type\":\"ListItem\",\"position\":1,\"name\":\"Po\u010detna stranica\",\"item\":\"https:\/\/kigo-yachting.com\/\"},{\"@type\":\"ListItem\",\"position\":2,\"name\":\"Uvjeti kori\u0161tenja\"}]},{\"@type\":\"WebSite\",\"@id\":\"https:\/\/kigo-yachting.com\/en\/#website\",\"url\":\"https:\/\/kigo-yachting.com\/en\/\",\"name\":\"Kigo Yachting\",\"description\":\"\",\"publisher\":{\"@id\":\"https:\/\/kigo-yachting.com\/en\/#organization\"},\"potentialAction\":[{\"@type\":\"SearchAction\",\"target\":{\"@type\":\"EntryPoint\",\"urlTemplate\":\"https:\/\/kigo-yachting.com\/en\/?s={search_term_string}\"},\"query-input\":\"required name=search_term_string\"}],\"inLanguage\":\"en-GB\"},{\"@type\":\"Organization\",\"@id\":\"https:\/\/kigo-yachting.com\/en\/#organization\",\"name\":\"Kigo Yachting\",\"url\":\"https:\/\/kigo-yachting.com\/en\/\",\"logo\":{\"@type\":\"ImageObject\",\"inLanguage\":\"en-GB\",\"@id\":\"https:\/\/kigo-yachting.com\/en\/#\/schema\/logo\/image\/\",\"url\":\"https:\/\/kigo-yachting.com\/wp-content\/uploads\/2024\/01\/Layer_1-26.svg\",\"contentUrl\":\"https:\/\/kigo-yachting.com\/wp-content\/uploads\/2024\/01\/Layer_1-26.svg\",\"width\":275,\"height\":71,\"caption\":\"Kigo Yachting\"},\"image\":{\"@id\":\"https:\/\/kigo-yachting.com\/en\/#\/schema\/logo\/image\/\"}}]}<\/script>\n<!-- \/ Yoast SEO plugin. -->","yoast_head_json":{"title":"Uvjeti kori\u0161tenja - Kigo Yachting","robots":{"index":"index","follow":"follow","max-snippet":"max-snippet:-1","max-image-preview":"max-image-preview:large","max-video-preview":"max-video-preview:-1"},"canonical":"https:\/\/kigo-yachting.com\/en\/terms-of-use\/","og_locale":"en_GB","og_type":"article","og_title":"Uvjeti kori\u0161tenja - Kigo Yachting","og_description":"Uvjeti kori\u0161tenja Dobrodo\u0161li na Web stranicu kigo-yachting.com (dalje u tekstu \u201eWeb stranica\u201c). Nadamo se da \u0107ete u\u017eivati u svom iskustvu na stranici. Ni\u017ee navedeni uvjeti reguliraju va\u0161e kori\u0161tenje na\u0161e Web stranice. Ovi uvjeti kori\u0161tenja vrijede za sve posjetitelje Web stranice. Op\u0107i uvjeti kori\u0161tenja Kori\u0161tenjem Web stranice kigo-yachting.com smatra se da su korisnici u svakom trenutku [&hellip;]","og_url":"https:\/\/kigo-yachting.com\/en\/terms-of-use\/","og_site_name":"Kigo Yachting","article_modified_time":"2024-04-05T13:18:12+00:00","og_image":[{"url":"https:\/\/kigo-yachting.com\/wp-content\/uploads\/2024\/01\/Group-1-5.svg"}],"twitter_card":"summary_large_image","twitter_misc":{"Estimated reading time":"7 minutes"},"schema":{"@context":"https:\/\/schema.org","@graph":[{"@type":"WebPage","@id":"https:\/\/kigo-yachting.com\/uvjeti-koristenja\/","url":"https:\/\/kigo-yachting.com\/uvjeti-koristenja\/","name":"Uvjeti kori\u0161tenja - Kigo Yachting","isPartOf":{"@id":"https:\/\/kigo-yachting.com\/en\/#website"},"primaryImageOfPage":{"@id":"https:\/\/kigo-yachting.com\/uvjeti-koristenja\/#primaryimage"},"image":{"@id":"https:\/\/kigo-yachting.com\/uvjeti-koristenja\/#primaryimage"},"thumbnailUrl":"https:\/\/kigo-yachting.com\/wp-content\/uploads\/2024\/01\/Group-1-5.svg","datePublished":"2024-01-02T13:52:54+00:00","dateModified":"2024-04-05T13:18:12+00:00","breadcrumb":{"@id":"https:\/\/kigo-yachting.com\/uvjeti-koristenja\/#breadcrumb"},"inLanguage":"en-GB","potentialAction":[{"@type":"ReadAction","target":["https:\/\/kigo-yachting.com\/uvjeti-koristenja\/"]}]},{"@type":"ImageObject","inLanguage":"en-GB","@id":"https:\/\/kigo-yachting.com\/uvjeti-koristenja\/#primaryimage","url":"https:\/\/kigo-yachting.com\/wp-content\/uploads\/2024\/01\/Group-1-5.svg","contentUrl":"https:\/\/kigo-yachting.com\/wp-content\/uploads\/2024\/01\/Group-1-5.svg"},{"@type":"BreadcrumbList","@id":"https:\/\/kigo-yachting.com\/uvjeti-koristenja\/#breadcrumb","itemListElement":[{"@type":"ListItem","position":1,"name":"Po\u010detna stranica","item":"https:\/\/kigo-yachting.com\/"},{"@type":"ListItem","position":2,"name":"Uvjeti kori\u0161tenja"}]},{"@type":"WebSite","@id":"https:\/\/kigo-yachting.com\/en\/#website","url":"https:\/\/kigo-yachting.com\/en\/","name":"Kigo Yachting","description":"","publisher":{"@id":"https:\/\/kigo-yachting.com\/en\/#organization"},"potentialAction":[{"@type":"SearchAction","target":{"@type":"EntryPoint","urlTemplate":"https:\/\/kigo-yachting.com\/en\/?s={search_term_string}"},"query-input":"required name=search_term_string"}],"inLanguage":"en-GB"},{"@type":"Organization","@id":"https:\/\/kigo-yachting.com\/en\/#organization","name":"Kigo Yachting","url":"https:\/\/kigo-yachting.com\/en\/","logo":{"@type":"ImageObject","inLanguage":"en-GB","@id":"https:\/\/kigo-yachting.com\/en\/#\/schema\/logo\/image\/","url":"https:\/\/kigo-yachting.com\/wp-content\/uploads\/2024\/01\/Layer_1-26.svg","contentUrl":"https:\/\/kigo-yachting.com\/wp-content\/uploads\/2024\/01\/Layer_1-26.svg","width":275,"height":71,"caption":"Kigo Yachting"},"image":{"@id":"https:\/\/kigo-yachting.com\/en\/#\/schema\/logo\/image\/"}}]}},"_links":{"self":[{"href":"https:\/\/kigo-yachting.com\/en\/wp-json\/wp\/v2\/pages\/35","targetHints":{"allow":["GET"]}}],"collection":[{"href":"https:\/\/kigo-yachting.com\/en\/wp-json\/wp\/v2\/pages"}],"about":[{"href":"https:\/\/kigo-yachting.com\/en\/wp-json\/wp\/v2\/types\/page"}],"author":[{"embeddable":true,"href":"https:\/\/kigo-yachting.com\/en\/wp-json\/wp\/v2\/users\/1"}],"replies":[{"embeddable":true,"href":"https:\/\/kigo-yachting.com\/en\/wp-json\/wp\/v2\/comments?post=35"}],"version-history":[{"count":64,"href":"https:\/\/kigo-yachting.com\/en\/wp-json\/wp\/v2\/pages\/35\/revisions"}],"predecessor-version":[{"id":1954,"href":"https:\/\/kigo-yachting.com\/en\/wp-json\/wp\/v2\/pages\/35\/revisions\/1954"}],"wp:attachment":[{"href":"https:\/\/kigo-yachting.com\/en\/wp-json\/wp\/v2\/media?parent=35"}],"curies":[{"name":"wp","href":"https:\/\/api.w.org\/{rel}","templated":true}]}}